{"id":13426,"date":"2025-07-15T19:49:40","date_gmt":"2025-07-15T19:49:40","guid":{"rendered":"https:\/\/voyyotoursalbania.com\/?post_type=product&#038;p=13426"},"modified":"2026-03-27T16:16:27","modified_gmt":"2026-03-27T16:16:27","slug":"south-albania","status":"publish","type":"product","link":"https:\/\/voyyotoursalbania.com\/it\/prodotto\/south-albania\/","title":{"rendered":"Sud Albania"},"content":{"rendered":"<p data-start=\"207\" data-end=\"299\"><strong data-start=\"207\" data-end=\"299\">Da Durr\u00ebs a Saranda \u2013 Un viaggio tra bellezze costiere, acque calme e scoperta leggera<\/strong><\/p>\n<p data-start=\"301\" data-end=\"601\">Fuggi sulle tranquille coste dell\u2019Albania del Sud con un\u2019avventura costiera di 7 giorni, pensata per chi desidera serenit\u00e0, paesaggi suggestivi e una scoperta dolce.\nQuesto tour combina momenti di totale relax con leggere esplorazioni tra alcune delle localit\u00e0 balneari e meraviglie naturali pi\u00f9 iconiche del Paese.<\/p>\n<p data-start=\"603\" data-end=\"1052\">Si inizia dalla vivace citt\u00e0 di Durr\u00ebs, per poi proseguire lungo la splendida costa ionica attraversando Vlor\u00eb, Dh\u00ebrmi e Saranda.\nDurante il percorso, potrai goderti escursioni in barca verso le baie nascoste di Karaburun, Sazan, Krorez e Kakome, nuotare nelle acque turchesi di Ksamil ed esplorare la citt\u00e0 di Gjirokast\u00ebr, patrimonio UNESCO.\nLe serate sono dedicate a cene tranquille sul mare, l\u2019occasione perfetta per rilassarsi e assaporare la cucina locale.<\/p>\n<p data-start=\"1054\" data-end=\"1208\">Questo itinerario \u00e8 ideale per i viaggiatori che amano la natura, i tocchi culturali e un ritmo di viaggio confortevole, senza la pressione di tour frenetici.<\/p>","protected":false},"excerpt":{"rendered":"From Durr\u00ebs to Saranda \u2013 A Journey of Coastal Beauty, Calm Waters, and Light Exploration\nEscape to the tranquil shores of Southern Albania with a 7-day coastal adventure designed for those who crave serenity, scenic beauty, and light discovery. This tour blends moments of total relaxation with gentle exploration across some of the country\u2019s most iconic seaside towns and natural wonders.\nBegin in the lively city of Durr\u00ebs, then make your way down the breathtaking Ionian coast through Vlor\u00eb, Dh\u00ebrmi, and Saranda. Along the way, you\u2019ll enjoy boat excursions to the secluded bays of Karaburun, Sazan, Krorez, and Kakome, swim in the turquoise waters of Ksamil, and explore the UNESCO-listed town of Gjirokast\u00ebr. Evenings are reserved for peaceful dinners by the sea, offering the perfect opportunity to unwind and savor the local cuisine.\nThis itinerary is ideal for travelers who appreciate nature, cultural touches, and a comfortable travel rhythm without the pressure of fast-paced touring.","protected":false},"featured_media":15849,"template":"","meta":{"_acf_changed":false},"product_brand":[],"product_cat":[264],"product_tag":[313,314],"class_list":{"0":"post-13426","1":"product","2":"type-product","3":"status-publish","4":"has-post-thumbnail","6":"product_format-product-format-tour","7":"product_cat-sea","8":"product_tag-albania","9":"product_tag-south-albania","11":"first","12":"instock","13":"virtual","14":"sold-individually","15":"purchasable","16":"product-type-booking"},"booking_location":"","booking_location_type":"","booking_duration":7,"booking_duration_unit":"day","booking_buffer":0,"booking_cost":0,"booking_resources":[],"acf":[],"_links":{"self":[{"href":"https:\/\/voyyotoursalbania.com\/it\/wp-json\/wp\/v2\/product\/13426","targetHints":{"allow":["GET"]}}],"collection":[{"href":"https:\/\/voyyotoursalbania.com\/it\/wp-json\/wp\/v2\/product"}],"about":[{"href":"https:\/\/voyyotoursalbania.com\/it\/wp-json\/wp\/v2\/types\/product"}],"version-history":[{"count":13,"href":"https:\/\/voyyotoursalbania.com\/it\/wp-json\/wp\/v2\/product\/13426\/revisions"}],"predecessor-version":[{"id":17487,"href":"https:\/\/voyyotoursalbania.com\/it\/wp-json\/wp\/v2\/product\/13426\/revisions\/17487"}],"wp:featuredmedia":[{"embeddable":true,"href":"https:\/\/voyyotoursalbania.com\/it\/wp-json\/wp\/v2\/media\/15849"}],"wp:attachment":[{"href":"https:\/\/voyyotoursalbania.com\/it\/wp-json\/wp\/v2\/media?parent=13426"}],"wp:term":[{"taxonomy":"product_brand","embeddable":true,"href":"https:\/\/voyyotoursalbania.com\/it\/wp-json\/wp\/v2\/product_brand?post=13426"},{"taxonomy":"product_cat","embeddable":true,"href":"https:\/\/voyyotoursalbania.com\/it\/wp-json\/wp\/v2\/product_cat?post=13426"},{"taxonomy":"product_tag","embeddable":true,"href":"https:\/\/voyyotoursalbania.com\/it\/wp-json\/wp\/v2\/product_tag?post=13426"}],"curies":[{"name":"wp","href":"https:\/\/api.w.org\/{rel}","templated":true}]}}