{"id":13480,"date":"2025-07-15T21:06:18","date_gmt":"2025-07-15T21:06:18","guid":{"rendered":"https:\/\/voyyotoursalbania.com\/?post_type=product&#038;p=13480"},"modified":"2026-03-27T16:15:30","modified_gmt":"2026-03-27T16:15:30","slug":"historical-treasures-of-albania","status":"publish","type":"product","link":"https:\/\/voyyotoursalbania.com\/it\/prodotto\/historical-treasures-of-albania\/","title":{"rendered":"Tesori Storici d\u2019Albania"},"content":{"rendered":"<p data-start=\"214\" data-end=\"276\"><strong data-start=\"214\" data-end=\"276\">Castelli, Citt\u00e0 Antiche e il Cuore Culturale dell\u2019Albania<\/strong><\/p>\n<p data-start=\"278\" data-end=\"584\">Immergiti nell\u2019anima dell\u2019Albania con un tour di 7 giorni accuratamente curato, dedicato alla sua ricca storia, alle tradizioni vivaci e al patrimonio culturale che resiste nel tempo.\nQuesto viaggio ti porter\u00e0 indietro nei secoli\u2014dai castelli arroccati degli eroi nazionali alle rovine romane, ai bazar ottomani e alle citt\u00e0 in pietra riconosciute dall\u2019UNESCO.<\/p>\n<p data-start=\"586\" data-end=\"905\">I viaggiatori esploreranno le citt\u00e0 storiche di Kruj\u00eb, Shkod\u00ebr, Berat e Gjirokast\u00ebr, cammineranno tra vicoli secolari e si troveranno nei luoghi simbolo dell\u2019archeologia come Apollonia e Butrinto.\nLungo il percorso, godranno di paesaggi suggestivi, cucina tradizionale e del calore della vita locale in ogni destinazione.<\/p>\n<p data-start=\"907\" data-end=\"1071\">Ideale per menti curiose, amanti della storia ed esploratori culturali che vogliono conoscere l\u2019Albania non solo come luogo, ma come una storia scritta nella pietra, nell\u2019arte e nello spirito.<\/p>","protected":false},"excerpt":{"rendered":"Castles, Ancient Cities, and the Cultural Heart of Albania\nDive deep into the soul of Albania with a carefully curated 7-day tour dedicated to its rich history, vibrant traditions, and enduring cultural heritage. This journey takes you through time\u2014from the hilltop castles of national heroes to ancient Roman ruins, Ottoman bazaars, and UNESCO-listed stone cities.\nTravelers will explore the historic cities of Kruj\u00eb, Shkod\u00ebr, Berat, and Gjirokast\u00ebr, walk through centuries-old alleyways, and stand on the grounds of archaeological wonders like Apollonia and Butrint. Along the way, enjoy picturesque landscapes, traditional cuisine, and the warmth of local life in every destination.\nIdeal for curious minds, history lovers, and cultural explorers who want to understand Albania not just as a place\u2014but as a story written in stone, art, and spirit.","protected":false},"featured_media":15859,"template":"","meta":{"_acf_changed":false},"product_brand":[],"product_cat":[265],"product_tag":[313,312],"class_list":{"0":"post-13480","1":"product","2":"type-product","3":"status-publish","4":"has-post-thumbnail","6":"product_format-product-format-tour","7":"product_cat-historical-cultural","8":"product_tag-albania","9":"product_tag-historical-treasures-of-albania","11":"first","12":"instock","13":"virtual","14":"sold-individually","15":"purchasable","16":"product-type-booking"},"booking_location":"","booking_location_type":"","booking_duration":7,"booking_duration_unit":"day","booking_buffer":0,"booking_cost":0,"booking_resources":[],"acf":[],"_links":{"self":[{"href":"https:\/\/voyyotoursalbania.com\/it\/wp-json\/wp\/v2\/product\/13480","targetHints":{"allow":["GET"]}}],"collection":[{"href":"https:\/\/voyyotoursalbania.com\/it\/wp-json\/wp\/v2\/product"}],"about":[{"href":"https:\/\/voyyotoursalbania.com\/it\/wp-json\/wp\/v2\/types\/product"}],"version-history":[{"count":10,"href":"https:\/\/voyyotoursalbania.com\/it\/wp-json\/wp\/v2\/product\/13480\/revisions"}],"predecessor-version":[{"id":17486,"href":"https:\/\/voyyotoursalbania.com\/it\/wp-json\/wp\/v2\/product\/13480\/revisions\/17486"}],"wp:featuredmedia":[{"embeddable":true,"href":"https:\/\/voyyotoursalbania.com\/it\/wp-json\/wp\/v2\/media\/15859"}],"wp:attachment":[{"href":"https:\/\/voyyotoursalbania.com\/it\/wp-json\/wp\/v2\/media?parent=13480"}],"wp:term":[{"taxonomy":"product_brand","embeddable":true,"href":"https:\/\/voyyotoursalbania.com\/it\/wp-json\/wp\/v2\/product_brand?post=13480"},{"taxonomy":"product_cat","embeddable":true,"href":"https:\/\/voyyotoursalbania.com\/it\/wp-json\/wp\/v2\/product_cat?post=13480"},{"taxonomy":"product_tag","embeddable":true,"href":"https:\/\/voyyotoursalbania.com\/it\/wp-json\/wp\/v2\/product_tag?post=13480"}],"curies":[{"name":"wp","href":"https:\/\/api.w.org\/{rel}","templated":true}]}}