{"id":13531,"date":"2025-07-15T21:35:56","date_gmt":"2025-07-15T21:35:56","guid":{"rendered":"https:\/\/voyyotoursalbania.com\/?post_type=product&#038;p=13531"},"modified":"2026-03-27T16:14:21","modified_gmt":"2026-03-27T16:14:21","slug":"valbone-natural-trek","status":"publish","type":"product","link":"https:\/\/voyyotoursalbania.com\/it\/prodotto\/valbone-natural-trek\/","title":{"rendered":"Valbona Trekking Naturale"},"content":{"rendered":"<p data-start=\"209\" data-end=\"269\"><strong data-start=\"209\" data-end=\"269\">Sentieri alpini, Lago di Koman e una tappa culturale in Kosovo<\/strong><\/p>\n<p data-start=\"271\" data-end=\"686\">Questo itinerario unisce la bellezza alpina della Valle di Valbon\u00eb con l\u2019indimenticabile traversata in barca sul Lago di Koman. Valbon\u00eb, autentico gioiello delle Alpi Albanesi, offre sentieri escursionistici adatti a tutti i livelli, circondati da vette imponenti, fiumi cristallini e prati silenziosi. Prima di raggiungere questo paradiso alpino, il viaggio inizia con una tappa culturale nella colorata citt\u00e0 di Prizren, una delle localit\u00e0 storiche pi\u00f9 affascinanti del Kosovo.<\/p>\n<p data-start=\"688\" data-end=\"1042\">Trekking attraverso i paesaggi incontaminati del nord dell\u2019Albania, pernottamenti in guesthouse tradizionali e un perfetto equilibrio tra avventura e quiete caratterizzano questo tour. Il rientro prevede la spettacolare traversata in traghetto sul Lago di Koman\u2014un percorso tortuoso tra pareti rocciose e acque color smeraldo, spesso descritto come \u201ci fiordi dei Balcani\u201d.<\/p>\n<p data-start=\"1044\" data-end=\"1143\">Perfetto per chi cerca un mix tra escursioni, bellezze naturali, cultura locale e isolamento rigenerante<\/p>","protected":false},"excerpt":{"rendered":"Alpine Trails, Koman Lake, and a Cultural Stop in Kosovo\nThis itinerary combines the alpine beauty of Valbon\u00eb Valley with the breathtaking boat ride through Lake Koman. A gem of the Albanian Alps, Valbon\u00eb offers hiking routes suitable for all levels\u2014surrounded by towering peaks, crystal rivers, and serene meadows. Before reaching this alpine paradise, the journey begins with a cultural stop in the colorful city of Prizren, one of Kosovo\u2019s most charming historic towns.\nYou\u2019ll trek through the pristine landscapes of Northern Albania, stay in traditional guesthouses, and experience both the adventure and stillness that this remote region offers. The return journey includes the spectacular ferry ride across Koman Lake\u2014a winding path between steep canyon walls and emerald waters, often called \u201cthe fjords of the Balkans.\u201d\nPerfect for those seeking a mix of hiking, natural beauty, cultural flavor, and peaceful isolation.","protected":false},"featured_media":15888,"template":"","meta":{"_acf_changed":false},"product_brand":[],"product_cat":[263],"product_tag":[310,311],"class_list":{"0":"post-13531","1":"product","2":"type-product","3":"status-publish","4":"has-post-thumbnail","6":"product_format-product-format-tour","7":"product_cat-mountain","8":"product_tag-valbone-natural-trek","9":"product_tag-valbone-trek","11":"first","12":"instock","13":"virtual","14":"sold-individually","15":"purchasable","16":"product-type-booking"},"booking_location":"","booking_location_type":"","booking_duration":4,"booking_duration_unit":"day","booking_buffer":0,"booking_cost":0,"booking_resources":[],"acf":[],"_links":{"self":[{"href":"https:\/\/voyyotoursalbania.com\/it\/wp-json\/wp\/v2\/product\/13531","targetHints":{"allow":["GET"]}}],"collection":[{"href":"https:\/\/voyyotoursalbania.com\/it\/wp-json\/wp\/v2\/product"}],"about":[{"href":"https:\/\/voyyotoursalbania.com\/it\/wp-json\/wp\/v2\/types\/product"}],"version-history":[{"count":11,"href":"https:\/\/voyyotoursalbania.com\/it\/wp-json\/wp\/v2\/product\/13531\/revisions"}],"predecessor-version":[{"id":17485,"href":"https:\/\/voyyotoursalbania.com\/it\/wp-json\/wp\/v2\/product\/13531\/revisions\/17485"}],"wp:featuredmedia":[{"embeddable":true,"href":"https:\/\/voyyotoursalbania.com\/it\/wp-json\/wp\/v2\/media\/15888"}],"wp:attachment":[{"href":"https:\/\/voyyotoursalbania.com\/it\/wp-json\/wp\/v2\/media?parent=13531"}],"wp:term":[{"taxonomy":"product_brand","embeddable":true,"href":"https:\/\/voyyotoursalbania.com\/it\/wp-json\/wp\/v2\/product_brand?post=13531"},{"taxonomy":"product_cat","embeddable":true,"href":"https:\/\/voyyotoursalbania.com\/it\/wp-json\/wp\/v2\/product_cat?post=13531"},{"taxonomy":"product_tag","embeddable":true,"href":"https:\/\/voyyotoursalbania.com\/it\/wp-json\/wp\/v2\/product_tag?post=13531"}],"curies":[{"name":"wp","href":"https:\/\/api.w.org\/{rel}","templated":true}]}}